{"id":831,"date":"2025-06-08T10:21:08","date_gmt":"2025-06-08T15:21:08","guid":{"rendered":"https:\/\/aginitiative.org\/?post_type=product&#038;p=831"},"modified":"2025-07-07T09:29:30","modified_gmt":"2025-07-07T14:29:30","slug":"diamond-sponsor","status":"publish","type":"product","link":"https:\/\/aginitiative.org\/fr\/produit\/diamond-sponsor\/","title":{"rendered":"Sponsor Diamant"},"content":{"rendered":"","protected":false},"excerpt":{"rendered":"<ul>\n<li>7 badges VIP<\/li>\n<li>Priorit\u00e9 aux r\u00e9unions exclusives<\/li>\n<li>Placement de logo de premier ordre \u00e0 tous les \u00e9v\u00e9nements<\/li>\n<li>Stand VIP pour exposition<\/li>\n<li>Troph\u00e9e sp\u00e9cial IAM-Fair<\/li>\n<li>Possibilit\u00e9 de prise de parole sur un podium ou un panel<\/li>\n<li>Annonce pleine page dans le programme<\/li>\n<li>Logo sur tous les supports et r\u00e9seaux sociaux<\/li>\n<li>Reconnaissance sp\u00e9ciale lors des c\u00e9r\u00e9monies d&#039;ouverture\/de cl\u00f4ture<\/li>\n<\/ul>","protected":false},"featured_media":908,"template":"","meta":{"give_campaign_id":0},"product_brand":[],"product_cat":[21],"product_tag":[],"class_list":{"0":"post-831","1":"product","2":"type-product","3":"status-publish","4":"has-post-thumbnail","6":"product_cat-sponsorship","8":"first","9":"instock","10":"shipping-taxable","11":"purchasable","12":"product-type-simple"},"_links":{"self":[{"href":"https:\/\/aginitiative.org\/fr\/wp-json\/wp\/v2\/product\/831","targetHints":{"allow":["GET"]}}],"collection":[{"href":"https:\/\/aginitiative.org\/fr\/wp-json\/wp\/v2\/product"}],"about":[{"href":"https:\/\/aginitiative.org\/fr\/wp-json\/wp\/v2\/types\/product"}],"wp:featuredmedia":[{"embeddable":true,"href":"https:\/\/aginitiative.org\/fr\/wp-json\/wp\/v2\/media\/908"}],"wp:attachment":[{"href":"https:\/\/aginitiative.org\/fr\/wp-json\/wp\/v2\/media?parent=831"}],"wp:term":[{"taxonomy":"product_brand","embeddable":true,"href":"https:\/\/aginitiative.org\/fr\/wp-json\/wp\/v2\/product_brand?post=831"},{"taxonomy":"product_cat","embeddable":true,"href":"https:\/\/aginitiative.org\/fr\/wp-json\/wp\/v2\/product_cat?post=831"},{"taxonomy":"product_tag","embeddable":true,"href":"https:\/\/aginitiative.org\/fr\/wp-json\/wp\/v2\/product_tag?post=831"}],"curies":[{"name":"wp","href":"https:\/\/api.w.org\/{rel}","templated":true}]}}